{"id":590,"date":"2023-11-03T11:50:39","date_gmt":"2023-11-03T17:50:39","guid":{"rendered":"https:\/\/conideas.co.cr\/?page_id=590"},"modified":"2025-02-13T06:31:55","modified_gmt":"2025-02-13T12:31:55","slug":"pre","status":"publish","type":"page","link":"https:\/\/conideas.co.cr\/index.php\/pre\/","title":{"rendered":"Formulario de prematr\u00edcula"},"content":{"rendered":"\n<div class=\"wpforms-container wpforms-container-full wpforms-render-modern\" id=\"wpforms-1627\"><form id=\"wpforms-form-1627\" class=\"wpforms-validate wpforms-form wpforms-ajax-form\" data-formid=\"1627\" method=\"post\" enctype=\"multipart\/form-data\" action=\"\/index.php\/wp-json\/wp\/v2\/pages\/590\" data-token=\"bf1f8cea163c72db7703aa0e40bf1eff\" data-token-time=\"1776075013\"><noscript class=\"wpforms-error-noscript\">Por favor, activa JavaScript en tu navegador para completar este formulario.<\/noscript><div class=\"wpforms-hidden\" id=\"wpforms-error-noscript\">Por favor, activa JavaScript en tu navegador para completar este formulario.<\/div><div class=\"wpforms-field-container\"><div id=\"wpforms-1627-field_2-container\" class=\"wpforms-field wpforms-field-email\" data-field-id=\"2\"><label class=\"wpforms-field-label\" for=\"wpforms-1627-field_2\">Correo electr\u00f3nico <span class=\"wpforms-required-label\" aria-hidden=\"true\">*<\/span><\/label><input type=\"email\" id=\"wpforms-1627-field_2\" class=\"wpforms-field-medium wpforms-field-required\" name=\"wpforms[fields][2]\" spellcheck=\"false\" aria-errormessage=\"wpforms-1627-field_2-error\" required><\/div><div id=\"wpforms-1627-field_3-container\" class=\"wpforms-field wpforms-field-text\" data-field-id=\"3\"><label class=\"wpforms-field-label\" for=\"wpforms-1627-field_3\">\u00bfCu\u00e1l es su nombre completo? <span class=\"wpforms-required-label\" aria-hidden=\"true\">*<\/span><\/label><input type=\"text\" id=\"wpforms-1627-field_3\" class=\"wpforms-field-medium wpforms-field-required\" name=\"wpforms[fields][3]\" aria-errormessage=\"wpforms-1627-field_3-error\" required><\/div><div id=\"wpforms-1627-field_4-container\" class=\"wpforms-field wpforms-field-number\" data-field-id=\"4\"><label class=\"wpforms-field-label\" for=\"wpforms-1627-field_4\">\u00bfA qu\u00e9 n\u00famero telef\u00f3nico desea que se le contacte?<\/label><input type=\"number\" id=\"wpforms-1627-field_4\" class=\"wpforms-field-medium\" name=\"wpforms[fields][4]\" step=\"any\" aria-errormessage=\"wpforms-1627-field_4-error\" ><\/div><div id=\"wpforms-1627-field_5-container\" class=\"wpforms-field wpforms-field-checkbox\" data-field-id=\"5\"><fieldset><legend class=\"wpforms-field-label\">\u00bfQu\u00e9 curso(s) desea prematricular? <span class=\"wpforms-required-label\" aria-hidden=\"true\">*<\/span><\/legend><ul id=\"wpforms-1627-field_5\" class=\"wpforms-field-required\"><li class=\"choice-9 depth-1\"><input type=\"checkbox\" id=\"wpforms-1627-field_5_9\" name=\"wpforms[fields][5][]\" value=\"COCINA APLICADA PARA EL EMPLEO\" aria-errormessage=\"wpforms-1627-field_5_9-error\" required ><label class=\"wpforms-field-label-inline\" for=\"wpforms-1627-field_5_9\">COCINA APLICADA PARA EL EMPLEO<\/label><\/li><li class=\"choice-10 depth-1\"><input type=\"checkbox\" id=\"wpforms-1627-field_5_10\" name=\"wpforms[fields][5][]\" value=\"EMPACA MEJOR PARA VENDER M\u00c1S\" aria-errormessage=\"wpforms-1627-field_5_10-error\" required ><label class=\"wpforms-field-label-inline\" for=\"wpforms-1627-field_5_10\">EMPACA MEJOR PARA VENDER M\u00c1S<\/label><\/li><li class=\"choice-1 depth-1\"><input type=\"checkbox\" id=\"wpforms-1627-field_5_1\" name=\"wpforms[fields][5][]\" value=\"GESTION DEL PEQUE\u00d1O NEGOCIO ECOTURISTICO\" aria-errormessage=\"wpforms-1627-field_5_1-error\" required ><label class=\"wpforms-field-label-inline\" for=\"wpforms-1627-field_5_1\">GESTION DEL PEQUE\u00d1O NEGOCIO ECOTURISTICO<\/label><\/li><li class=\"choice-2 depth-1\"><input type=\"checkbox\" id=\"wpforms-1627-field_5_2\" name=\"wpforms[fields][5][]\" value=\"CREACION DE UNA PYME: INICIO DE LA ACTIVIDAD EMPRESARIAL PROPIA\" aria-errormessage=\"wpforms-1627-field_5_2-error\" required ><label class=\"wpforms-field-label-inline\" for=\"wpforms-1627-field_5_2\">CREACION DE UNA PYME: INICIO DE LA ACTIVIDAD EMPRESARIAL PROPIA<\/label><\/li><li class=\"choice-3 depth-1\"><input type=\"checkbox\" id=\"wpforms-1627-field_5_3\" name=\"wpforms[fields][5][]\" value=\"ENFOQUE ESTRATEGICO DE LA PYME\" aria-errormessage=\"wpforms-1627-field_5_3-error\" required ><label class=\"wpforms-field-label-inline\" for=\"wpforms-1627-field_5_3\">ENFOQUE ESTRATEGICO DE LA PYME<\/label><\/li><li class=\"choice-4 depth-1\"><input type=\"checkbox\" id=\"wpforms-1627-field_5_4\" name=\"wpforms[fields][5][]\" value=\"GESTION FINANCIERA DE LA PYME\" aria-errormessage=\"wpforms-1627-field_5_4-error\" required ><label class=\"wpforms-field-label-inline\" for=\"wpforms-1627-field_5_4\">GESTION FINANCIERA DE LA PYME<\/label><\/li><li class=\"choice-5 depth-1\"><input type=\"checkbox\" id=\"wpforms-1627-field_5_5\" name=\"wpforms[fields][5][]\" value=\"GESTION DE LA EXCELENCIA Y CALIDAD TOTAL EN LA PYME\" aria-errormessage=\"wpforms-1627-field_5_5-error\" required ><label class=\"wpforms-field-label-inline\" for=\"wpforms-1627-field_5_5\">GESTION DE LA EXCELENCIA Y CALIDAD TOTAL EN LA PYME<\/label><\/li><li class=\"choice-6 depth-1\"><input type=\"checkbox\" id=\"wpforms-1627-field_5_6\" name=\"wpforms[fields][5][]\" value=\"HERRAMIENTAS TECNOLOGIAS APROPIADAS PARA LA PYME\" aria-errormessage=\"wpforms-1627-field_5_6-error\" required ><label class=\"wpforms-field-label-inline\" for=\"wpforms-1627-field_5_6\">HERRAMIENTAS TECNOLOGIAS APROPIADAS PARA LA PYME<\/label><\/li><li class=\"choice-7 depth-1\"><input type=\"checkbox\" id=\"wpforms-1627-field_5_7\" name=\"wpforms[fields][5][]\" value=\"MERCADEO DIGITAL Y GESTION EN REDES SOCIALES\" aria-errormessage=\"wpforms-1627-field_5_7-error\" required ><label class=\"wpforms-field-label-inline\" for=\"wpforms-1627-field_5_7\">MERCADEO DIGITAL Y GESTION EN REDES SOCIALES<\/label><\/li><li class=\"choice-8 depth-1\"><input type=\"checkbox\" id=\"wpforms-1627-field_5_8\" name=\"wpforms[fields][5][]\" value=\"LAS CLAVES DE \u00c9XITO EN LA ATENCION PERSONALIZADA DE CLIENTES\" aria-errormessage=\"wpforms-1627-field_5_8-error\" required ><label class=\"wpforms-field-label-inline\" for=\"wpforms-1627-field_5_8\">LAS CLAVES DE \u00c9XITO EN LA ATENCION PERSONALIZADA DE CLIENTES<\/label><\/li><\/ul><\/fieldset><\/div><\/div><!-- .wpforms-field-container --><div class=\"wpforms-submit-container\" ><input type=\"hidden\" name=\"wpforms[id]\" value=\"1627\"><input type=\"hidden\" name=\"page_title\" value=\"\"><input type=\"hidden\" name=\"page_url\" value=\"https:\/\/conideas.co.cr\/index.php\/wp-json\/wp\/v2\/pages\/590\"><input type=\"hidden\" name=\"url_referer\" value=\"\"><button type=\"submit\" name=\"wpforms[submit]\" id=\"wpforms-submit-1627\" class=\"wpforms-submit\" data-alt-text=\"Enviando...\" data-submit-text=\"Enviar\" aria-live=\"assertive\" value=\"wpforms-submit\">Enviar<\/button><img loading=\"lazy\" decoding=\"async\" src=\"https:\/\/conideas.co.cr\/wp-content\/plugins\/wpforms-lite\/assets\/images\/submit-spin.svg\" class=\"wpforms-submit-spinner\" style=\"display: none;\" width=\"26\" height=\"26\" alt=\"Cargando\"><\/div><\/form><\/div>  <!-- .wpforms-container -->\n\n\n\n<p><\/p>\n","protected":false},"excerpt":{"rendered":"","protected":false},"author":1,"featured_media":0,"parent":0,"menu_order":0,"comment_status":"closed","ping_status":"closed","template":"","meta":{"neve_meta_sidebar":"full-width","neve_meta_container":"full-width","neve_meta_enable_content_width":"on","neve_meta_content_width":100,"neve_meta_title_alignment":"","neve_meta_author_avatar":"","neve_post_elements_order":"","neve_meta_disable_header":"","neve_meta_disable_footer":"","neve_meta_disable_title":"","footnotes":""},"class_list":["post-590","page","type-page","status-publish","hentry"],"_links":{"self":[{"href":"https:\/\/conideas.co.cr\/index.php\/wp-json\/wp\/v2\/pages\/590","targetHints":{"allow":["GET"]}}],"collection":[{"href":"https:\/\/conideas.co.cr\/index.php\/wp-json\/wp\/v2\/pages"}],"about":[{"href":"https:\/\/conideas.co.cr\/index.php\/wp-json\/wp\/v2\/types\/page"}],"author":[{"embeddable":true,"href":"https:\/\/conideas.co.cr\/index.php\/wp-json\/wp\/v2\/users\/1"}],"replies":[{"embeddable":true,"href":"https:\/\/conideas.co.cr\/index.php\/wp-json\/wp\/v2\/comments?post=590"}],"version-history":[{"count":12,"href":"https:\/\/conideas.co.cr\/index.php\/wp-json\/wp\/v2\/pages\/590\/revisions"}],"predecessor-version":[{"id":1632,"href":"https:\/\/conideas.co.cr\/index.php\/wp-json\/wp\/v2\/pages\/590\/revisions\/1632"}],"wp:attachment":[{"href":"https:\/\/conideas.co.cr\/index.php\/wp-json\/wp\/v2\/media?parent=590"}],"curies":[{"name":"wp","href":"https:\/\/api.w.org\/{rel}","templated":true}]}}