{"id":457,"date":"2023-10-26T00:40:37","date_gmt":"2023-10-26T06:40:37","guid":{"rendered":"https:\/\/conideas.co.cr\/?page_id=457"},"modified":"2025-02-12T21:34:08","modified_gmt":"2025-02-13T03:34:08","slug":"incubadora-aceleradora","status":"publish","type":"page","link":"https:\/\/conideas.co.cr\/index.php\/incubadora-aceleradora\/","title":{"rendered":"Incubadora-Aceleradora de modelos de negocio"},"content":{"rendered":"\n<p><\/p>\n\n\n<p><img loading=\"lazy\" decoding=\"async\" class=\"wp-image-1609 size-thumbnail aligncenter\" src=\"https:\/\/conideas.co.cr\/wp-content\/uploads\/2025\/02\/Incubadora-Aceleradora-C-150x150.jpg\" alt=\"\" width=\"150\" height=\"150\" \/><\/p>\n<p style=\"text-align: left;\">En el mes de diciembre 2023, el oficio DIGEPYME-RNIA-RE-047-2023, \u201cresuelve aprobar y adherir a la Red Nacional de Incubaci\u00f3n y Aceleraci\u00f3n (RNIA) del Ministerio de Econom\u00eda, Industria y Comercio (MEIC) a la incubadora y\/o aceleradora de empresas CONIDEAS S.A., con c\u00e9dula jur\u00eddica n\u00famero 3-101-634041, la cual operar\u00e1 en el territorio nacional y estar\u00e1 inmersa en procesos de pre-incubaci\u00f3n, incubaci\u00f3n y aceleraci\u00f3n de empresas.\u201d<\/p>\n<p style=\"text-align: left;\">Este reconocimiento avala los servicios de CONIDEAS S.S.A, particularmente para diversos modelos de negocios Pymes:<\/p>\n<ul>\n<li style=\"list-style-type: none;\">\n<ul>\n<li style=\"text-align: left;\">Emprendimientos por Subsistencia<\/li>\n<li style=\"text-align: left;\">Emprendimientos por Oportunidad<\/li>\n<li style=\"text-align: left;\">Emprendimientos Sociales<\/li>\n<li style=\"text-align: left;\">Emprendimientos Din\u00e1micos<\/li>\n<\/ul>\n<\/li>\n<\/ul>\n<p style=\"text-align: left;\">La metodolog\u00eda permitir\u00e1 el acompa\u00f1amiento intra y extramuros, con atenci\u00f3n presencial y virtual seg\u00fan sea m\u00e1s conveniente, siguiendo un plan de acci\u00f3n consensuado con cada negocio o proyecto.<br \/>B\u00e1sicamente, las fases en las cuales diferenciadas del servicio pueden incluir:<\/p>\n<ul>\n<li style=\"text-align: left;\"><span style=\"color: #ff9900;\"><strong>Pre-Incubaci\u00f3n.<\/strong><\/span> Colaboraci\u00f3n que permite <span style=\"color: #ff9900;\"><strong>evaluar la idea, determinar la potencialidad en desarrollo y proponer un modelo para su gesti\u00f3n.<\/strong><\/span><\/li>\n<li style=\"text-align: left;\"><span style=\"color: #ff9900;\"><strong>Incubaci\u00f3n.<\/strong><\/span> Plan de Servicio integral , para <span style=\"color: #ff9900;\"><strong>transitar el modelo de negocio desde el inicio de la actividad, hasta el ingreso en el mercado<\/strong><\/span> seleccionado.<\/li>\n<li style=\"text-align: left;\"><span style=\"color: #ff9900;\"><strong>Aceleraci\u00f3n<\/strong>.<\/span> Apoyo requerido por <span style=\"color: #ff9900;\"><strong>empresas establecidas que asumen el reto de innovar-expandir su negocio<\/strong>, <\/span>para acceder a nuevas Ventajas Competitivas.<\/li>\n<\/ul>\n<p style=\"text-align: left;\">El plan bianual contempla apoyar emprendimientos enfocados en comercio, industria, agroindustria, educaci\u00f3n, tecnolog\u00edas del conocimiento, financiamiento equitativo, turismo, biotecnolog\u00eda, producci\u00f3n de energ\u00edas limpias, sin embargo, existe apertura total para atender otro tipo de sectores y a conformar alianzas con otras Incubadoras-Aceleradoras para potenciar el crecimiento econ\u00f3mico sostenible.<\/p>\n<p style=\"text-align: left;\">CONTACTENOS: direccion@conideas.biz<\/p>","protected":false},"excerpt":{"rendered":"<p>En el mes de diciembre 2023, el oficio DIGEPYME-RNIA-RE-047-2023, \u201cresuelve aprobar y adherir a la Red Nacional de Incubaci\u00f3n y Aceleraci\u00f3n (RNIA) del Ministerio de Econom\u00eda, Industria y Comercio (MEIC) a la incubadora y\/o aceleradora de empresas CONIDEAS S.A., con c\u00e9dula jur\u00eddica n\u00famero 3-101-634041, la cual operar\u00e1 en el territorio nacional y estar\u00e1 inmersa en&hellip;&nbsp;<a href=\"https:\/\/conideas.co.cr\/index.php\/incubadora-aceleradora\/\" class=\"\" rel=\"bookmark\">Leer m\u00e1s &raquo;<span class=\"screen-reader-text\">Incubadora-Aceleradora de modelos de negocio<\/span><\/a><\/p>\n","protected":false},"author":1,"featured_media":0,"parent":0,"menu_order":0,"comment_status":"closed","ping_status":"closed","template":"","meta":{"neve_meta_sidebar":"full-width","neve_meta_container":"","neve_meta_enable_content_width":"on","neve_meta_content_width":100,"neve_meta_title_alignment":"","neve_meta_author_avatar":"","neve_post_elements_order":"","neve_meta_disable_header":"","neve_meta_disable_footer":"","neve_meta_disable_title":"","footnotes":""},"class_list":["post-457","page","type-page","status-publish","hentry"],"_links":{"self":[{"href":"https:\/\/conideas.co.cr\/index.php\/wp-json\/wp\/v2\/pages\/457","targetHints":{"allow":["GET"]}}],"collection":[{"href":"https:\/\/conideas.co.cr\/index.php\/wp-json\/wp\/v2\/pages"}],"about":[{"href":"https:\/\/conideas.co.cr\/index.php\/wp-json\/wp\/v2\/types\/page"}],"author":[{"embeddable":true,"href":"https:\/\/conideas.co.cr\/index.php\/wp-json\/wp\/v2\/users\/1"}],"replies":[{"embeddable":true,"href":"https:\/\/conideas.co.cr\/index.php\/wp-json\/wp\/v2\/comments?post=457"}],"version-history":[{"count":29,"href":"https:\/\/conideas.co.cr\/index.php\/wp-json\/wp\/v2\/pages\/457\/revisions"}],"predecessor-version":[{"id":1612,"href":"https:\/\/conideas.co.cr\/index.php\/wp-json\/wp\/v2\/pages\/457\/revisions\/1612"}],"wp:attachment":[{"href":"https:\/\/conideas.co.cr\/index.php\/wp-json\/wp\/v2\/media?parent=457"}],"curies":[{"name":"wp","href":"https:\/\/api.w.org\/{rel}","templated":true}]}}