{"id":1354,"date":"2025-01-20T21:29:15","date_gmt":"2025-01-21T03:29:15","guid":{"rendered":"https:\/\/conideas.co.cr\/?page_id=1354"},"modified":"2025-01-22T15:49:32","modified_gmt":"2025-01-22T21:49:32","slug":"caja-de-herramientas","status":"publish","type":"page","link":"https:\/\/conideas.co.cr\/index.php\/caja-de-herramientas\/","title":{"rendered":"Caja de herramientas"},"content":{"rendered":"<div class=\"wp-block-image\">\n<figure class=\"aligncenter size-full has-custom-border\"><img loading=\"lazy\" decoding=\"async\" width=\"275\" height=\"183\" src=\"https:\/\/conideas.co.cr\/wp-content\/uploads\/2025\/01\/herramientas.jpg\" alt=\"\" class=\"wp-image-1468\" style=\"border-radius:36px\"\/><\/figure><\/div>\n\n\n<p><\/p>\n\n\n<p style=\"text-align: left;\">El equipo profesional de <strong><span style=\"color: #ff6600;\">CONIDEAS<\/span><\/strong> eval\u00faa en forma constante recursos a disposici\u00f3n de los negocios, dedicados a facilitar el desarrollo de competitividad y con ello contribuir a la necesaria Sostenbilidad. Esta informaci\u00f3n no puede considerarse como una recomendaci\u00f3n irrestricta de aplicaci\u00f3n dada la diversidad de condiciones en cada empresa y por ello no admite imputaci\u00f3n de responsabilidad alguna.<\/p>\n<p style=\"text-align: left;\">En enero 2025 estamos conociendo:<\/p>\n<ul>\n<li style=\"text-align: left;\">5 herramientas gratuitas para crear contenido en Redes Sociales. <a href=\"https:\/\/www.luzzidigital.com\/5-herramientas-gratuitas-para-crear-contenido\/\"><span style=\"color: #3366ff;\">https:\/\/www.luzzidigital.com\/5-herramientas-gratuitas-para-crear-contenido\/<\/span><\/a><\/li>\n<li style=\"text-align: left;\">\u00bfQu\u00e9 software de contabilidad usar en Costa Rica? Conozca las mejores opciones. <a href=\"https:\/\/programascontabilidad.com\/analisis-de-herramientas\/software-de-contabilidad-costa-rica\/\"><span style=\"color: #3366ff;\">https:\/\/programascontabilidad.com\/analisis-de-herramientas\/software-de-contabilidad-costa-rica\/<\/span><\/a><\/li>\n<li style=\"text-align: left;\">Las 5 mejores aplicaciones gratuitas de planificaci\u00f3n de rutas. <a href=\"https:\/\/zeorouteplanner.com\/es\/free-route-planner-apps\/\"><span style=\"color: #3366ff;\">https:\/\/zeorouteplanner.com\/es\/free-route-planner-apps\/<\/span><\/a><\/li>\n<li style=\"text-align: left;\">Consejos de Ciberseguridad. <a href=\"https:\/\/www.juntaucr.com\/b\/consejos-de-ciberseguridad\"><span style=\"color: #3366ff;\">https:\/\/www.juntaucr.com\/b\/consejos-de-ciberseguridad<\/span><\/a><\/li>\n<li style=\"text-align: left;\">Audiolibro: \u201cEl buen antepasado.\u00bfComo pensar a largo plazo en un mundo cortioplacista?\u201d. <a href=\"https:\/\/www.luzzidigital.com\/5-herramientas-gratuitas-para-crear-contenido\/\"><span style=\"color: #3366ff;\">https:\/\/www.audible.es\/<\/span><\/a><\/li>\n<\/ul>\n\n\n<p><\/p>\n","protected":false},"excerpt":{"rendered":"<p>El equipo profesional de CONIDEAS eval\u00faa en forma constante recursos a disposici\u00f3n de los negocios, dedicados a facilitar el desarrollo de competitividad y con ello contribuir a la necesaria Sostenbilidad. Esta informaci\u00f3n no puede considerarse como una recomendaci\u00f3n irrestricta de aplicaci\u00f3n dada la diversidad de condiciones en cada empresa y por ello no admite imputaci\u00f3n&hellip;&nbsp;<a href=\"https:\/\/conideas.co.cr\/index.php\/caja-de-herramientas\/\" class=\"\" rel=\"bookmark\">Leer m\u00e1s &raquo;<span class=\"screen-reader-text\">Caja de herramientas<\/span><\/a><\/p>\n","protected":false},"author":1,"featured_media":0,"parent":0,"menu_order":0,"comment_status":"closed","ping_status":"closed","template":"","meta":{"neve_meta_sidebar":"full-width","neve_meta_container":"","neve_meta_enable_content_width":"on","neve_meta_content_width":100,"neve_meta_title_alignment":"","neve_meta_author_avatar":"","neve_post_elements_order":"","neve_meta_disable_header":"","neve_meta_disable_footer":"","neve_meta_disable_title":"","footnotes":""},"class_list":["post-1354","page","type-page","status-publish","hentry"],"_links":{"self":[{"href":"https:\/\/conideas.co.cr\/index.php\/wp-json\/wp\/v2\/pages\/1354","targetHints":{"allow":["GET"]}}],"collection":[{"href":"https:\/\/conideas.co.cr\/index.php\/wp-json\/wp\/v2\/pages"}],"about":[{"href":"https:\/\/conideas.co.cr\/index.php\/wp-json\/wp\/v2\/types\/page"}],"author":[{"embeddable":true,"href":"https:\/\/conideas.co.cr\/index.php\/wp-json\/wp\/v2\/users\/1"}],"replies":[{"embeddable":true,"href":"https:\/\/conideas.co.cr\/index.php\/wp-json\/wp\/v2\/comments?post=1354"}],"version-history":[{"count":13,"href":"https:\/\/conideas.co.cr\/index.php\/wp-json\/wp\/v2\/pages\/1354\/revisions"}],"predecessor-version":[{"id":1469,"href":"https:\/\/conideas.co.cr\/index.php\/wp-json\/wp\/v2\/pages\/1354\/revisions\/1469"}],"wp:attachment":[{"href":"https:\/\/conideas.co.cr\/index.php\/wp-json\/wp\/v2\/media?parent=1354"}],"curies":[{"name":"wp","href":"https:\/\/api.w.org\/{rel}","templated":true}]}}