{"id":1348,"date":"2025-01-20T21:27:00","date_gmt":"2025-01-21T03:27:00","guid":{"rendered":"https:\/\/conideas.co.cr\/?page_id=1348"},"modified":"2025-01-22T15:07:46","modified_gmt":"2025-01-22T21:07:46","slug":"sinergias","status":"publish","type":"page","link":"https:\/\/conideas.co.cr\/index.php\/sinergias\/","title":{"rendered":"Sinergias"},"content":{"rendered":"<div class=\"wp-block-image\">\n<figure class=\"aligncenter size-large is-resized has-custom-border\"><img loading=\"lazy\" decoding=\"async\" width=\"1024\" height=\"647\" src=\"https:\/\/conideas.co.cr\/wp-content\/uploads\/2025\/01\/Sinergias-1024x647.webp\" alt=\"\" class=\"wp-image-1439\" style=\"border-style:none;border-width:0px;border-radius:100px;width:272px;height:auto\" srcset=\"https:\/\/conideas.co.cr\/wp-content\/uploads\/2025\/01\/Sinergias-1024x647.webp 1024w, https:\/\/conideas.co.cr\/wp-content\/uploads\/2025\/01\/Sinergias-300x190.webp 300w, https:\/\/conideas.co.cr\/wp-content\/uploads\/2025\/01\/Sinergias-768x485.webp 768w, https:\/\/conideas.co.cr\/wp-content\/uploads\/2025\/01\/Sinergias.webp 1280w\" sizes=\"auto, (max-width: 1024px) 100vw, 1024px\" \/><\/figure><\/div>\n\n\n<p><\/p>\n\n\n<p style=\"text-align: left;\">CONIDEAS reconoce y promueve una cultura Colaborativa, donde la actuaci\u00f3n con sinergia permite potenciar capacidades y mejorar resultados. Los modelos de entendimiento pueden ser de muy variada naturaleza, pero siempre coinciden en el prop\u00f3sito de contribuir en forma significativa al Desarrollo de Bienestar Sostenible. Nos consideramos parte de un conjunto de alianzas, HUB, que crece y se fortalece.<\/p>\n<p style=\"text-align: left;\">Algunos de los nuestros esquemas de entendimiento son maduros, otros est\u00e1n en sus primeras etapas, otros apenas procuran superar posibles condiciones para su formalizaci\u00f3n y algunos comprenden reuniones preliminares para el mutuo conocimiento de prop\u00f3sitos.<\/p>\n<\/p>\n\n\n<div class=\"wp-block-media-text is-stacked-on-mobile\" style=\"grid-template-columns:15% auto\"><figure class=\"wp-block-media-text__media\"><img loading=\"lazy\" decoding=\"async\" width=\"300\" height=\"300\" src=\"https:\/\/conideas.co.cr\/wp-content\/uploads\/2025\/01\/Fodemipyme-logo-300x300-1.jpg\" alt=\"\" class=\"wp-image-1434 size-full\" srcset=\"https:\/\/conideas.co.cr\/wp-content\/uploads\/2025\/01\/Fodemipyme-logo-300x300-1.jpg 300w, https:\/\/conideas.co.cr\/wp-content\/uploads\/2025\/01\/Fodemipyme-logo-300x300-1-150x150.jpg 150w\" sizes=\"auto, (max-width: 300px) 100vw, 300px\" \/><\/figure><div class=\"wp-block-media-text__content\">\n<p class=\"has-text-align-left\"><strong>FODEMIPYME-BANCO POPULAR Y DE DESARROLLO COMUNAL.<\/strong> El Banco Popular y de Desarrollo Comunal, mantiene el Fondo para el Desarrollo de la Micro y Peque\u00f1a Empresa para colaborar con uno de los sectores econ\u00f3micos mas importantes del pa\u00eds. CONIDEAS durante tres a\u00f1os ha sido proveedor de servicios de este Fondo para colaborar en \u00e1reas de formaci\u00f3n y asistencia t\u00e9cnica. https:\/\/www.youtube.com\/watch?v=N180lg6AQNM.<\/p>\n<\/div><\/div>\n\n\n\n<div class=\"wp-block-media-text is-stacked-on-mobile\" style=\"grid-template-columns:15% auto\"><figure class=\"wp-block-media-text__media\"><img loading=\"lazy\" decoding=\"async\" width=\"476\" height=\"150\" src=\"https:\/\/conideas.co.cr\/wp-content\/uploads\/2025\/01\/INDER-1.gif\" alt=\"\" class=\"wp-image-1436 size-full\"\/><\/figure><div class=\"wp-block-media-text__content\">\n<p class=\"has-text-align-left\"><strong>INDER-GESTI\u00d3N Y CAPACITACI\u00d3N PARA EL DESARROLLO TERRITORIAL RURAL<\/strong>. Esta importante gesti\u00f3n de INDER permite promover el desarrollo rural territorial a trav\u00e9s de procesos integrales &nbsp;al mejoramiento y aumento de la calidad de vida de la poblaci\u00f3n rural, enfatizando en el establecimiento de estrategias de producci\u00f3n, procesamiento y comercializaci\u00f3n de productos. CONIDEAS, desde el 2024 ha colaborado en diversos procesos en territorios e la Regi\u00f3n Brunca y Huetar Cariba, https:\/\/www.inder.go.cr\/servicios\/gestion_capacitacion\/<\/p>\n<\/div><\/div>\n\n\n\n<div class=\"wp-block-media-text is-stacked-on-mobile\" style=\"grid-template-columns:15% auto\"><figure class=\"wp-block-media-text__media\"><img loading=\"lazy\" decoding=\"async\" width=\"268\" height=\"188\" src=\"https:\/\/conideas.co.cr\/wp-content\/uploads\/2025\/01\/INA.png\" alt=\"\" class=\"wp-image-1431 size-full\"\/><\/figure><div class=\"wp-block-media-text__content\">\n<p class=\"has-text-align-left\"><strong>INA- ACREDITACION DE CURSOS.<\/strong> En diciembre 2024 CONIDEAS fue acreditado por INA como centro de formaci\u00f3n, para la Regi\u00f3n Brunca,, con 10 cursos iniciales que procuran facilitar la empleabilidad y\/o promover iniciativas de emprendimiento. En esta sinergia se incluye a la Asociaci\u00f3n de Mujeres Generale\u00f1as, que facilitan la divulgaci\u00f3n y el uso de \u00f3ptimas instalaciones para desarrollar en 2025 un programa de actividades formativas.<\/p>\n<\/div><\/div>\n\n\n\n<div class=\"wp-block-media-text is-stacked-on-mobile\" style=\"grid-template-columns:15% auto\"><figure class=\"wp-block-media-text__media\"><img loading=\"lazy\" decoding=\"async\" width=\"225\" height=\"225\" src=\"https:\/\/conideas.co.cr\/wp-content\/uploads\/2025\/01\/FEDOMA.png\" alt=\"\" class=\"wp-image-1432 size-full\" srcset=\"https:\/\/conideas.co.cr\/wp-content\/uploads\/2025\/01\/FEDOMA.png 225w, https:\/\/conideas.co.cr\/wp-content\/uploads\/2025\/01\/FEDOMA-150x150.png 150w\" sizes=\"auto, (max-width: 225px) 100vw, 225px\" \/><\/figure><div class=\"wp-block-media-text__content\">\n<p class=\"has-text-align-left\"><strong>Federaci\u00f3n Occidental de Municipalidades de Alajuela-FEDOMA<\/strong>. En el 2024,, luego de la elecci\u00f3n de los nuevos gobiernos locales, CONIDEAS ha iniciado encuentros con la Direcci\u00f3n Ejecutiva, dedicados a compartir visiones e identificar las oportunidades de colaboraci\u00f3n en el 2025, para aportar en la misi\u00f3n de potenciar el Bienestar Social Sostenibles en este grupo importante de municipios. https:\/\/www.facebook.com\/FEDOMA\/?locale=es_LA<\/p>\n<\/div><\/div>\n","protected":false},"excerpt":{"rendered":"<p>CONIDEAS reconoce y promueve una cultura Colaborativa, donde la actuaci\u00f3n con sinergia permite potenciar capacidades y mejorar resultados. Los modelos de entendimiento pueden ser de muy variada naturaleza, pero siempre coinciden en el prop\u00f3sito de contribuir en forma significativa al Desarrollo de Bienestar Sostenible. Nos consideramos parte de un conjunto de alianzas, HUB, que crece&hellip;&nbsp;<a href=\"https:\/\/conideas.co.cr\/index.php\/sinergias\/\" class=\"\" rel=\"bookmark\">Leer m\u00e1s &raquo;<span class=\"screen-reader-text\">Sinergias<\/span><\/a><\/p>\n","protected":false},"author":1,"featured_media":0,"parent":0,"menu_order":0,"comment_status":"closed","ping_status":"closed","template":"","meta":{"neve_meta_sidebar":"full-width","neve_meta_container":"","neve_meta_enable_content_width":"on","neve_meta_content_width":100,"neve_meta_title_alignment":"","neve_meta_author_avatar":"","neve_post_elements_order":"","neve_meta_disable_header":"","neve_meta_disable_footer":"","neve_meta_disable_title":"","footnotes":""},"class_list":["post-1348","page","type-page","status-publish","hentry"],"_links":{"self":[{"href":"https:\/\/conideas.co.cr\/index.php\/wp-json\/wp\/v2\/pages\/1348","targetHints":{"allow":["GET"]}}],"collection":[{"href":"https:\/\/conideas.co.cr\/index.php\/wp-json\/wp\/v2\/pages"}],"about":[{"href":"https:\/\/conideas.co.cr\/index.php\/wp-json\/wp\/v2\/types\/page"}],"author":[{"embeddable":true,"href":"https:\/\/conideas.co.cr\/index.php\/wp-json\/wp\/v2\/users\/1"}],"replies":[{"embeddable":true,"href":"https:\/\/conideas.co.cr\/index.php\/wp-json\/wp\/v2\/comments?post=1348"}],"version-history":[{"count":12,"href":"https:\/\/conideas.co.cr\/index.php\/wp-json\/wp\/v2\/pages\/1348\/revisions"}],"predecessor-version":[{"id":1441,"href":"https:\/\/conideas.co.cr\/index.php\/wp-json\/wp\/v2\/pages\/1348\/revisions\/1441"}],"wp:attachment":[{"href":"https:\/\/conideas.co.cr\/index.php\/wp-json\/wp\/v2\/media?parent=1348"}],"curies":[{"name":"wp","href":"https:\/\/api.w.org\/{rel}","templated":true}]}}